{"id":197,"date":"2016-11-01T17:23:47","date_gmt":"2016-11-01T16:23:47","guid":{"rendered":"http:\/\/tb-andernach.de\/WPS\/?page_id=197"},"modified":"2025-08-13T11:21:41","modified_gmt":"2025-08-13T09:21:41","slug":"fussball-vaeter-soehne","status":"publish","type":"page","link":"https:\/\/tb-andernach.de\/WPS\/?page_id=197","title":{"rendered":"Fu\u00dfball V\u00e4ter &#038; S\u00f6hne"},"content":{"rendered":"\t\t<div data-elementor-type=\"wp-page\" data-elementor-id=\"197\" class=\"elementor elementor-197\">\n\t\t\t\t\t\t<section class=\"elementor-section elementor-top-section elementor-element elementor-element-5758624e elementor-section-boxed elementor-section-height-default elementor-section-height-default\" data-id=\"5758624e\" data-element_type=\"section\">\n\t\t\t\t\t\t<div class=\"elementor-container elementor-column-gap-default\">\n\t\t\t\t\t<div class=\"elementor-column elementor-col-100 elementor-top-column elementor-element elementor-element-3cf4cafb\" data-id=\"3cf4cafb\" data-element_type=\"column\">\n\t\t\t<div class=\"elementor-widget-wrap elementor-element-populated\">\n\t\t\t\t\t\t<div class=\"elementor-element elementor-element-891e390 elementor-widget elementor-widget-heading\" data-id=\"891e390\" data-element_type=\"widget\" data-widget_type=\"heading.default\">\n\t\t\t\t<div class=\"elementor-widget-container\">\n\t\t\t\t\t<h2 class=\"elementor-heading-title elementor-size-default\">Fu\u00dfball V\u00e4ter &amp; S\u00f6hne<\/h2>\t\t\t\t<\/div>\n\t\t\t\t<\/div>\n\t\t\t\t<div class=\"elementor-element elementor-element-664b8dbc elementor-widget elementor-widget-text-editor\" data-id=\"664b8dbc\" data-element_type=\"widget\" data-widget_type=\"text-editor.default\">\n\t\t\t\t<div class=\"elementor-widget-container\">\n\t\t\t\t\t\t\t\t\t<p>Wann und wo:<br \/>donnerstags 20:15 bis 22:00 Uhr<br \/><a href=\"https:\/\/tb-andernach.de\/WPS\/?page_id=2518\">Bertha-von-Suttner-Gymnasium, Turnhalle<\/a><\/p><p>\u00dcbungsleiter: Benedikt Krupp<\/p><p><strong>\u00a0<\/strong><\/p>\t\t\t\t\t\t\t\t<\/div>\n\t\t\t\t<\/div>\n\t\t\t\t\t<\/div>\n\t\t<\/div>\n\t\t\t\t\t<\/div>\n\t\t<\/section>\n\t\t\t\t<\/div>\n\t\t","protected":false},"excerpt":{"rendered":"<p>Fu\u00dfball V\u00e4ter &amp; S\u00f6hne Wann und wo:donnerstags 20:15 bis 22:00 UhrBertha-von-Suttner-Gymnasium, Turnhalle \u00dcbungsleiter: Benedikt Krupp \u00a0<\/p>\n","protected":false},"author":3,"featured_media":0,"parent":184,"menu_order":5,"comment_status":"closed","ping_status":"closed","template":"","meta":{"footnotes":""},"class_list":["post-197","page","type-page","status-publish","hentry"],"_links":{"self":[{"href":"https:\/\/tb-andernach.de\/WPS\/index.php?rest_route=\/wp\/v2\/pages\/197","targetHints":{"allow":["GET"]}}],"collection":[{"href":"https:\/\/tb-andernach.de\/WPS\/index.php?rest_route=\/wp\/v2\/pages"}],"about":[{"href":"https:\/\/tb-andernach.de\/WPS\/index.php?rest_route=\/wp\/v2\/types\/page"}],"author":[{"embeddable":true,"href":"https:\/\/tb-andernach.de\/WPS\/index.php?rest_route=\/wp\/v2\/users\/3"}],"replies":[{"embeddable":true,"href":"https:\/\/tb-andernach.de\/WPS\/index.php?rest_route=%2Fwp%2Fv2%2Fcomments&post=197"}],"version-history":[{"count":9,"href":"https:\/\/tb-andernach.de\/WPS\/index.php?rest_route=\/wp\/v2\/pages\/197\/revisions"}],"predecessor-version":[{"id":4674,"href":"https:\/\/tb-andernach.de\/WPS\/index.php?rest_route=\/wp\/v2\/pages\/197\/revisions\/4674"}],"up":[{"embeddable":true,"href":"https:\/\/tb-andernach.de\/WPS\/index.php?rest_route=\/wp\/v2\/pages\/184"}],"wp:attachment":[{"href":"https:\/\/tb-andernach.de\/WPS\/index.php?rest_route=%2Fwp%2Fv2%2Fmedia&parent=197"}],"curies":[{"name":"wp","href":"https:\/\/api.w.org\/{rel}","templated":true}]}}