{"id":1421,"date":"2018-11-27T09:30:39","date_gmt":"2018-11-27T08:30:39","guid":{"rendered":"https:\/\/tb-andernach.de\/WPS\/?page_id=1421"},"modified":"2023-04-17T09:07:13","modified_gmt":"2023-04-17T07:07:13","slug":"tabata","status":"publish","type":"page","link":"https:\/\/tb-andernach.de\/WPS\/?page_id=1421","title":{"rendered":"Tabata"},"content":{"rendered":"\t\t<div data-elementor-type=\"wp-page\" data-elementor-id=\"1421\" class=\"elementor elementor-1421\">\n\t\t\t\t\t\t<section class=\"elementor-section elementor-top-section elementor-element elementor-element-f7203ce elementor-section-boxed elementor-section-height-default elementor-section-height-default\" data-id=\"f7203ce\" data-element_type=\"section\">\n\t\t\t\t\t\t<div class=\"elementor-container elementor-column-gap-default\">\n\t\t\t\t\t<div class=\"elementor-column elementor-col-100 elementor-top-column elementor-element elementor-element-2def90e7\" data-id=\"2def90e7\" data-element_type=\"column\">\n\t\t\t<div class=\"elementor-widget-wrap elementor-element-populated\">\n\t\t\t\t\t\t<div class=\"elementor-element elementor-element-4fb6b35 elementor-widget elementor-widget-heading\" data-id=\"4fb6b35\" data-element_type=\"widget\" data-widget_type=\"heading.default\">\n\t\t\t\t<div class=\"elementor-widget-container\">\n\t\t\t\t\t<h2 class=\"elementor-heading-title elementor-size-default\">Tabata<\/h2>\t\t\t\t<\/div>\n\t\t\t\t<\/div>\n\t\t\t\t<div class=\"elementor-element elementor-element-6b5b4a7a elementor-widget elementor-widget-text-editor\" data-id=\"6b5b4a7a\" data-element_type=\"widget\" data-widget_type=\"text-editor.default\">\n\t\t\t\t<div class=\"elementor-widget-container\">\n\t\t\t\t\t\t\t\t\t<p>Der Turner-Bund 1867 e. V. startet ab Dienstag, 14. Januar 2020 mit einem neuen Kurs Tabata.<\/p><p>Tabata, ein High-Intensity-Interval-Training, besteht aus verschiedenenTrainingsintervallen, die den K\u00f6rper an seine Grenzen bringt und damit die Fettverbrennung f\u00f6rdert.<br \/>Das Herz-Kreislauf-System wird trainiert und die Leistungsf\u00e4higkeit verbessert.<br \/>Der Kurs richtet sich an k\u00f6rperlich fitte und gut trainierte Personen.<\/p><p>F\u00fcr weitere Ausk\u00fcnfte bzw. Anmeldungen wenden sich Interessierte bitte an den Turner-Bund 1867 e. V. Andernach, Tel. 0 26 32\/4 62 63.<\/p><p><strong>findet derzeit nicht statt<\/strong><\/p>\t\t\t\t\t\t\t\t<\/div>\n\t\t\t\t<\/div>\n\t\t\t\t\t<\/div>\n\t\t<\/div>\n\t\t\t\t\t<\/div>\n\t\t<\/section>\n\t\t\t\t<\/div>\n\t\t","protected":false},"excerpt":{"rendered":"<p>Tabata Der Turner-Bund 1867 e. V. startet ab Dienstag, 14. Januar 2020 mit einem neuen Kurs Tabata. Tabata, ein High-Intensity-Interval-Training, besteht aus verschiedenenTrainingsintervallen, die den K\u00f6rper an seine Grenzen bringt und damit die Fettverbrennung f\u00f6rdert.Das Herz-Kreislauf-System wird trainiert und die Leistungsf\u00e4higkeit verbessert.Der Kurs richtet sich an k\u00f6rperlich fitte und gut trainierte Personen. F\u00fcr weitere Ausk\u00fcnfte [&hellip;]<\/p>\n","protected":false},"author":1,"featured_media":0,"parent":10,"menu_order":0,"comment_status":"closed","ping_status":"closed","template":"","meta":{"footnotes":""},"class_list":["post-1421","page","type-page","status-publish","hentry"],"_links":{"self":[{"href":"https:\/\/tb-andernach.de\/WPS\/index.php?rest_route=\/wp\/v2\/pages\/1421","targetHints":{"allow":["GET"]}}],"collection":[{"href":"https:\/\/tb-andernach.de\/WPS\/index.php?rest_route=\/wp\/v2\/pages"}],"about":[{"href":"https:\/\/tb-andernach.de\/WPS\/index.php?rest_route=\/wp\/v2\/types\/page"}],"author":[{"embeddable":true,"href":"https:\/\/tb-andernach.de\/WPS\/index.php?rest_route=\/wp\/v2\/users\/1"}],"replies":[{"embeddable":true,"href":"https:\/\/tb-andernach.de\/WPS\/index.php?rest_route=%2Fwp%2Fv2%2Fcomments&post=1421"}],"version-history":[{"count":10,"href":"https:\/\/tb-andernach.de\/WPS\/index.php?rest_route=\/wp\/v2\/pages\/1421\/revisions"}],"predecessor-version":[{"id":3460,"href":"https:\/\/tb-andernach.de\/WPS\/index.php?rest_route=\/wp\/v2\/pages\/1421\/revisions\/3460"}],"up":[{"embeddable":true,"href":"https:\/\/tb-andernach.de\/WPS\/index.php?rest_route=\/wp\/v2\/pages\/10"}],"wp:attachment":[{"href":"https:\/\/tb-andernach.de\/WPS\/index.php?rest_route=%2Fwp%2Fv2%2Fmedia&parent=1421"}],"curies":[{"name":"wp","href":"https:\/\/api.w.org\/{rel}","templated":true}]}}