{"id":132,"date":"2016-11-01T16:09:30","date_gmt":"2016-11-01T15:09:30","guid":{"rendered":"http:\/\/tb-andernach.de\/WPS\/?page_id=132"},"modified":"2025-01-21T11:45:18","modified_gmt":"2025-01-21T10:45:18","slug":"trampolin-akrobatik","status":"publish","type":"page","link":"https:\/\/tb-andernach.de\/WPS\/?page_id=132","title":{"rendered":"Trampolin &#038; Akrobatik"},"content":{"rendered":"<h2>Trampolin<\/h2>\n<p><span style=\"color: #ff0000;\"><strong>\u00a0<\/strong><\/span><\/p>\n<p><img fetchpriority=\"high\" decoding=\"async\" class=\"size-full wp-image-151 alignleft\" src=\"https:\/\/tb-andernach.de\/WPS\/wp-content\/uploads\/2016\/11\/trampolin1.jpg\" alt=\"trampolin1\" width=\"300\" height=\"225\" \/>Wir sind ein lustiger Haufen und haben viel Spa\u00df miteinander. Bei uns steht nicht nur das Trainieren im Vordergrund, sondern auch der Spa\u00df am Sport und am Ger\u00e4t.<\/p>\n<p>Wenn die Ger\u00e4te aufgebaut sind, folgt spielerisch und gezielt die Gymnastik. Sind die Grundspr\u00fcnge erlernt, widmen wir uns den schwierigen Spr\u00fcngen (Salto, Salto mit Schraube, Mehrfachsaltos etc.).<br \/>\nJe nach Talent und K\u00f6nnen wird nach Absprache mit den Eltern Wettkampfsport betrieben.<\/p>\n<p>Was brauche ich:<br \/>\nNur Hallenschuhe, Sportkleidung, etwas zu trinken und viel Spa\u00df.<\/p>\n<p><em><strong>\u00a0<\/strong><\/em><\/p>\n<p>Wer: Kinder und Jugendliche ab 7 Jahre<\/p>\n<p>Wann und wo:<br \/>\n<strong>donnerstags 17:00 bis 18:30 Uhr<\/strong> offenes Training<br \/>\n<strong>donnerstags 18:30 bis 20:00 Uhr<\/strong> Wettkampftraining<br \/>\n<a href=\"https:\/\/tb-andernach.de\/WPS\/?page_id=2622\">Beethoven-\/Kreissporthalle<\/a><\/p>\n<p>Wer: Jugendliche und Erwachsene ab 17 Jahre m\u00f6glich<\/p>\n<p>Das Trainerteam<\/p>\n<p><img decoding=\"async\" class=\"wp-image-1931 aligncenter\" src=\"https:\/\/tb-andernach.de\/WPS\/wp-content\/uploads\/2020\/01\/P1020346-Trampolin.jpg\" alt=\"\" width=\"395\" height=\"263\" srcset=\"https:\/\/tb-andernach.de\/WPS\/wp-content\/uploads\/2020\/01\/P1020346-Trampolin.jpg 5472w, https:\/\/tb-andernach.de\/WPS\/wp-content\/uploads\/2020\/01\/P1020346-Trampolin-300x200.jpg 300w, https:\/\/tb-andernach.de\/WPS\/wp-content\/uploads\/2020\/01\/P1020346-Trampolin-768x512.jpg 768w, https:\/\/tb-andernach.de\/WPS\/wp-content\/uploads\/2020\/01\/P1020346-Trampolin-1024x683.jpg 1024w\" sizes=\"(max-width: 395px) 100vw, 395px\" \/><\/p>\n<h2>Doppelmini f\u00fcr alle Altersgruppen<\/h2>\n<p>Wann und wo:<br \/>\n<strong>freitags 20:00 bis 21:00 Uhr<\/strong><br \/>\n<a href=\"https:\/\/tb-andernach.de\/WPS\/?page_id=2592\">Turnhalle der Geschwister Scholl Realschule plus<\/a><\/p>\n","protected":false},"excerpt":{"rendered":"<p>Trampolin \u00a0 Wir sind ein lustiger Haufen und haben viel Spa\u00df miteinander. Bei uns steht nicht nur das Trainieren im Vordergrund, sondern auch der Spa\u00df am Sport und am Ger\u00e4t. Wenn die Ger\u00e4te aufgebaut sind, folgt spielerisch und gezielt die Gymnastik. Sind die Grundspr\u00fcnge erlernt, widmen wir uns den schwierigen Spr\u00fcngen (Salto, Salto mit Schraube, [&hellip;]<\/p>\n","protected":false},"author":3,"featured_media":0,"parent":85,"menu_order":1,"comment_status":"closed","ping_status":"closed","template":"","meta":{"footnotes":""},"class_list":["post-132","page","type-page","status-publish","hentry"],"_links":{"self":[{"href":"https:\/\/tb-andernach.de\/WPS\/index.php?rest_route=\/wp\/v2\/pages\/132","targetHints":{"allow":["GET"]}}],"collection":[{"href":"https:\/\/tb-andernach.de\/WPS\/index.php?rest_route=\/wp\/v2\/pages"}],"about":[{"href":"https:\/\/tb-andernach.de\/WPS\/index.php?rest_route=\/wp\/v2\/types\/page"}],"author":[{"embeddable":true,"href":"https:\/\/tb-andernach.de\/WPS\/index.php?rest_route=\/wp\/v2\/users\/3"}],"replies":[{"embeddable":true,"href":"https:\/\/tb-andernach.de\/WPS\/index.php?rest_route=%2Fwp%2Fv2%2Fcomments&post=132"}],"version-history":[{"count":10,"href":"https:\/\/tb-andernach.de\/WPS\/index.php?rest_route=\/wp\/v2\/pages\/132\/revisions"}],"predecessor-version":[{"id":4421,"href":"https:\/\/tb-andernach.de\/WPS\/index.php?rest_route=\/wp\/v2\/pages\/132\/revisions\/4421"}],"up":[{"embeddable":true,"href":"https:\/\/tb-andernach.de\/WPS\/index.php?rest_route=\/wp\/v2\/pages\/85"}],"wp:attachment":[{"href":"https:\/\/tb-andernach.de\/WPS\/index.php?rest_route=%2Fwp%2Fv2%2Fmedia&parent=132"}],"curies":[{"name":"wp","href":"https:\/\/api.w.org\/{rel}","templated":true}]}}