{"id":1045,"date":"2018-06-08T18:24:19","date_gmt":"2018-06-08T16:24:19","guid":{"rendered":"http:\/\/tb-andernach.de\/WPS\/?page_id=1045"},"modified":"2023-06-29T11:24:49","modified_gmt":"2023-06-29T09:24:49","slug":"anmeldung-biercup","status":"publish","type":"page","link":"https:\/\/tb-andernach.de\/WPS\/?page_id=1045","title":{"rendered":"Andernacher Bier Cup 2019"},"content":{"rendered":"\t\t<div data-elementor-type=\"wp-page\" data-elementor-id=\"1045\" class=\"elementor elementor-1045\">\n\t\t\t\t\t\t<section class=\"elementor-section elementor-top-section elementor-element elementor-element-43292713 elementor-section-boxed elementor-section-height-default elementor-section-height-default\" data-id=\"43292713\" data-element_type=\"section\">\n\t\t\t\t\t\t<div class=\"elementor-container elementor-column-gap-default\">\n\t\t\t\t\t<div class=\"elementor-column elementor-col-100 elementor-top-column elementor-element elementor-element-1b741c2a\" data-id=\"1b741c2a\" data-element_type=\"column\">\n\t\t\t<div class=\"elementor-widget-wrap elementor-element-populated\">\n\t\t\t\t\t\t<div class=\"elementor-element elementor-element-5f0b7c elementor-widget elementor-widget-text-editor\" data-id=\"5f0b7c\" data-element_type=\"widget\" data-widget_type=\"text-editor.default\">\n\t\t\t\t<div class=\"elementor-widget-container\">\n\t\t\t\t\t\t\t\t\t<h1>Andernacher Bier Cup 2019<\/h1><p>Der Bier Cup findet am Wochenende <strong>11.-12. August 2019 <\/strong>statt.<\/p><p>\u00a0<\/p><h2>Ausschreibung:<\/h2><p><a href=\"https:\/\/tb-andernach.de\/WPS\/wp-content\/uploads\/2019\/06\/Ausschreibung-Bier-Cup-2019.pdf\">Bier Cup 2019<\/a><\/p><p>\u00a0<\/p><h2>Meldung:<\/h2><p>Die Meldephase beginnt am 1. Juli. Ab diesem Tag k\u00f6nnt ihr wie folgt melden:<\/p><p>Bitte nutzt f\u00fcr eure Anmeldung ausschlie\u00dflich das Meldeformular.<\/p><p><a href=\"https:\/\/tb-andernach.de\/WPS\/wp-content\/uploads\/2019\/06\/Meldung-BierCup-Vereinsname.xls\">Meldung BierCup<\/a> &#8211; Vereinsname (Beispiel: Meldung BierCup &#8211; BC Musterclub)<\/p><p>Die Meldedatei schickt ihr an biercup@tba-Badminton.de<\/p>\t\t\t\t\t\t\t\t<\/div>\n\t\t\t\t<\/div>\n\t\t\t\t\t<\/div>\n\t\t<\/div>\n\t\t\t\t\t<\/div>\n\t\t<\/section>\n\t\t\t\t<\/div>\n\t\t","protected":false},"excerpt":{"rendered":"<p>Andernacher Bier Cup 2019 Der Bier Cup findet am Wochenende 11.-12. August 2019 statt. \u00a0 Ausschreibung: Bier Cup 2019 \u00a0 Meldung: Die Meldephase beginnt am 1. Juli. Ab diesem Tag k\u00f6nnt ihr wie folgt melden: Bitte nutzt f\u00fcr eure Anmeldung ausschlie\u00dflich das Meldeformular. Meldung BierCup &#8211; Vereinsname (Beispiel: Meldung BierCup &#8211; BC Musterclub) Die Meldedatei [&hellip;]<\/p>\n","protected":false},"author":1,"featured_media":0,"parent":309,"menu_order":1,"comment_status":"closed","ping_status":"closed","template":"","meta":{"footnotes":""},"class_list":["post-1045","page","type-page","status-publish","hentry"],"_links":{"self":[{"href":"https:\/\/tb-andernach.de\/WPS\/index.php?rest_route=\/wp\/v2\/pages\/1045","targetHints":{"allow":["GET"]}}],"collection":[{"href":"https:\/\/tb-andernach.de\/WPS\/index.php?rest_route=\/wp\/v2\/pages"}],"about":[{"href":"https:\/\/tb-andernach.de\/WPS\/index.php?rest_route=\/wp\/v2\/types\/page"}],"author":[{"embeddable":true,"href":"https:\/\/tb-andernach.de\/WPS\/index.php?rest_route=\/wp\/v2\/users\/1"}],"replies":[{"embeddable":true,"href":"https:\/\/tb-andernach.de\/WPS\/index.php?rest_route=%2Fwp%2Fv2%2Fcomments&post=1045"}],"version-history":[{"count":10,"href":"https:\/\/tb-andernach.de\/WPS\/index.php?rest_route=\/wp\/v2\/pages\/1045\/revisions"}],"predecessor-version":[{"id":3809,"href":"https:\/\/tb-andernach.de\/WPS\/index.php?rest_route=\/wp\/v2\/pages\/1045\/revisions\/3809"}],"up":[{"embeddable":true,"href":"https:\/\/tb-andernach.de\/WPS\/index.php?rest_route=\/wp\/v2\/pages\/309"}],"wp:attachment":[{"href":"https:\/\/tb-andernach.de\/WPS\/index.php?rest_route=%2Fwp%2Fv2%2Fmedia&parent=1045"}],"curies":[{"name":"wp","href":"https:\/\/api.w.org\/{rel}","templated":true}]}}